{"id":46,"date":"2014-11-06T14:22:32","date_gmt":"2014-11-06T14:22:32","guid":{"rendered":"http:\/\/themes.muffingroup.com\/be\/beauty\/?page_id=2"},"modified":"2024-10-28T09:59:11","modified_gmt":"2024-10-28T12:59:11","slug":"home","status":"publish","type":"page","link":"https:\/\/www.carlamerkle.com.br\/site\/","title":{"rendered":"Home"},"content":{"rendered":"<p><div class=\"fusion-fullwidth fullwidth-box fusion-builder-row-1 nonhundred-percent-fullwidth non-hundred-percent-height-scrolling\" style=\"--awb-border-radius-top-left:0px;--awb-border-radius-top-right:0px;--awb-border-radius-bottom-right:0px;--awb-border-radius-bottom-left:0px;--awb-flex-wrap:wrap;\" ><div class=\"fusion-builder-row fusion-row\"><div class=\"fusion-layout-column fusion_builder_column fusion-builder-column-0 fusion_builder_column_1_1 1_1 fusion-one-full fusion-column-first fusion-column-last\" style=\"--awb-bg-size:cover;--awb-border-color:#d6d6d6;--awb-border-top:2px;--awb-border-right:2px;--awb-border-bottom:2px;--awb-border-left:2px;--awb-border-style:solid;\"><div class=\"fusion-column-wrapper fusion-flex-column-wrapper-legacy\"><div class=\"fusion-image-element in-legacy-container\" style=\"--awb-caption-title-font-family:var(--h2_typography-font-family);--awb-caption-title-font-weight:var(--h2_typography-font-weight);--awb-caption-title-font-style:var(--h2_typography-font-style);--awb-caption-title-size:var(--h2_typography-font-size);--awb-caption-title-transform:var(--h2_typography-text-transform);--awb-caption-title-line-height:var(--h2_typography-line-height);--awb-caption-title-letter-spacing:var(--h2_typography-letter-spacing);\"><span class=\" fusion-imageframe imageframe-none imageframe-1 hover-type-none\"><img decoding=\"async\" width=\"4000\" height=\"1263\" title=\"Carla Merkle (1)\" src=\"http:\/\/www.carlamerkle.com.br\/site\/wp-content\/uploads\/2024\/10\/Carla-Merkle-1.png\" alt class=\"img-responsive wp-image-309\" srcset=\"https:\/\/www.carlamerkle.com.br\/site\/wp-content\/uploads\/2024\/10\/Carla-Merkle-1-200x63.png 200w, https:\/\/www.carlamerkle.com.br\/site\/wp-content\/uploads\/2024\/10\/Carla-Merkle-1-400x126.png 400w, https:\/\/www.carlamerkle.com.br\/site\/wp-content\/uploads\/2024\/10\/Carla-Merkle-1-600x189.png 600w, https:\/\/www.carlamerkle.com.br\/site\/wp-content\/uploads\/2024\/10\/Carla-Merkle-1-800x253.png 800w, https:\/\/www.carlamerkle.com.br\/site\/wp-content\/uploads\/2024\/10\/Carla-Merkle-1-1200x379.png 1200w, https:\/\/www.carlamerkle.com.br\/site\/wp-content\/uploads\/2024\/10\/Carla-Merkle-1.png 4000w\" sizes=\"(max-width: 800px) 100vw, 1200px\" \/><\/span><\/div><div class=\"fusion-clearfix\"><\/div><\/div><\/div><\/div><\/div><div class=\"fusion-fullwidth fullwidth-box fusion-builder-row-2 nonhundred-percent-fullwidth non-hundred-percent-height-scrolling\" style=\"--awb-border-radius-top-left:0px;--awb-border-radius-top-right:0px;--awb-border-radius-bottom-right:0px;--awb-border-radius-bottom-left:0px;--awb-flex-wrap:wrap;\" ><div class=\"fusion-builder-row fusion-row\"><div class=\"fusion-layout-column fusion_builder_column fusion-builder-column-1 fusion_builder_column_1_3 1_3 fusion-one-third fusion-column-first fusion-animated\" style=\"--awb-padding-top:4%;--awb-padding-right:4%;--awb-padding-bottom:4%;--awb-padding-left:4%;--awb-bg-color:#ffffff;--awb-bg-color-hover:#ffffff;--awb-bg-size:cover;--awb-border-color:#dbdbdb;--awb-border-top:2px;--awb-border-right:2px;--awb-border-bottom:2px;--awb-border-left:2px;--awb-border-style:dotted;--awb-margin-top:5px;--awb-margin-bottom:5px;width:33.333333333333%;width:calc(33.333333333333% - ( ( 5% ) * 0.33333333333333 ) );margin-right: 5%;\" data-animationType=\"bounceInLeft\" data-animationDuration=\"0.3\" data-animationOffset=\"top-into-view\"><div class=\"fusion-column-wrapper fusion-flex-column-wrapper-legacy\"><div class=\"fusion-column-content-centered\"><div class=\"fusion-column-content\"><div class=\"fusion-title title fusion-title-1 fusion-sep-none fusion-title-text fusion-title-size-one\"><h1 class=\"fusion-title-heading title-heading-left\" style=\"margin:0;\"><h1>Seja Bem-Vindo!<\/h1><\/h1><\/div><div class=\"fusion-text fusion-text-1\"><p class=\"textobranco\">Voc\u00ea que procura qualidade, seguran\u00e7a e praticidade na avalia\u00e7\u00e3o do seu im\u00f3vel, voc\u00ea veio ao lugar certo!<\/p>\n<p>Tamb\u00e9m realizamos palestras em empresas sobre diversos temas.<\/p>\n<p class=\"textobranco\">Aproveite, seja bem-vindo e fique \u00e0 vontade para tirar suas d\u00favidas!<\/p>\n<p><a href=\"http:\/\/www.carlamerkle.com.br\/site\/institucional\/\">[saiba mais]<\/a><\/p>\n<\/div><\/div><\/div><div class=\"fusion-clearfix\"><\/div><\/div><\/div><div class=\"fusion-layout-column fusion_builder_column fusion-builder-column-2 fusion_builder_column_2_3 2_3 fusion-two-third fusion-column-last fusion-animated\" style=\"--awb-padding-top:4%;--awb-padding-right:4%;--awb-padding-bottom:4%;--awb-padding-left:4%;--awb-bg-color:#ffffff;--awb-bg-color-hover:#ffffff;--awb-bg-size:cover;--awb-border-color:#dbdbdb;--awb-border-top:2px;--awb-border-right:2px;--awb-border-bottom:2px;--awb-border-left:2px;--awb-border-style:dotted;--awb-margin-top:5px;--awb-margin-bottom:5px;width:66.666666666667%;width:calc(66.666666666667% - ( ( 5% ) * 0.66666666666667 ) );\" data-animationType=\"bounceInLeft\" data-animationDuration=\"0.3\" data-animationOffset=\"top-into-view\"><div class=\"fusion-column-wrapper fusion-flex-column-wrapper-legacy\"><div class=\"fusion-column-content-centered\"><div class=\"fusion-column-content\"><div class=\"fusion-title title fusion-title-2 fusion-sep-none fusion-title-text fusion-title-size-one\"><h1 class=\"fusion-title-heading title-heading-left\" style=\"margin:0;\"><h1>Servi\u00e7os Oferecidos!<\/h1><\/h1><\/div><div class=\"fusion-builder-row fusion-builder-row-inner fusion-row\"><div class=\"fusion-layout-column fusion_builder_column_inner fusion-builder-nested-column-0 fusion_builder_column_inner_1_2 1_2 fusion-one-half fusion-column-first\" style=\"--awb-bg-size:cover;width:50%;width:calc(50% - ( ( 4% ) * 0.5 ) );margin-right: 4%;\"><div class=\"fusion-column-wrapper fusion-flex-column-wrapper-legacy\"><div class=\"fusion-title title fusion-title-3 fusion-sep-none fusion-title-text fusion-title-size-one\"><h1 class=\"fusion-title-heading title-heading-left\" style=\"margin:0;\"><h2>Avalia\u00e7\u00e3o de Im\u00f3veis<\/h2><\/h1><\/div><div class=\"fusion-text fusion-text-2\"><p>Atuando desde <strong>2011,\u00a0<\/strong>\u00e9 uma empresa <strong>especializada e focada<\/strong> em <strong>avalia\u00e7\u00e3o de im\u00f3veis<\/strong>.<\/p>\n<p>A\u00a0<strong>avalia\u00e7\u00e3o de im\u00f3veis<\/strong>\u00a0visa estimar o valor de uma propriedade imobili\u00e1ria, sendo ela uma compra, venda ou outras situa\u00e7\u00f5es poss\u00edveis.<\/p>\n<p><a href=\"http:\/\/www.carlamerkle.com.br\/site\/avaliacao-de-imoveis\/\">[saiba mais]<\/a><\/p>\n<\/div><div class=\"fusion-clearfix\"><\/div><\/div><\/div><\/div><\/div><\/div><div class=\"fusion-clearfix\"><\/div><\/div><\/div><\/div><\/div><\/p>\n","protected":false},"excerpt":{"rendered":"","protected":false},"author":1,"featured_media":0,"parent":0,"menu_order":0,"comment_status":"open","ping_status":"open","template":"","meta":{"footnotes":"","_joinchat":[]},"_links":{"self":[{"href":"https:\/\/www.carlamerkle.com.br\/site\/wp-json\/wp\/v2\/pages\/46"}],"collection":[{"href":"https:\/\/www.carlamerkle.com.br\/site\/wp-json\/wp\/v2\/pages"}],"about":[{"href":"https:\/\/www.carlamerkle.com.br\/site\/wp-json\/wp\/v2\/types\/page"}],"author":[{"embeddable":true,"href":"https:\/\/www.carlamerkle.com.br\/site\/wp-json\/wp\/v2\/users\/1"}],"replies":[{"embeddable":true,"href":"https:\/\/www.carlamerkle.com.br\/site\/wp-json\/wp\/v2\/comments?post=46"}],"version-history":[{"count":54,"href":"https:\/\/www.carlamerkle.com.br\/site\/wp-json\/wp\/v2\/pages\/46\/revisions"}],"predecessor-version":[{"id":310,"href":"https:\/\/www.carlamerkle.com.br\/site\/wp-json\/wp\/v2\/pages\/46\/revisions\/310"}],"wp:attachment":[{"href":"https:\/\/www.carlamerkle.com.br\/site\/wp-json\/wp\/v2\/media?parent=46"}],"curies":[{"name":"wp","href":"https:\/\/api.w.org\/{rel}","templated":true}]}}