{"id":315,"date":"2026-05-13T17:24:30","date_gmt":"2026-05-13T20:24:30","guid":{"rendered":"https:\/\/www.carlamerkle.com.br\/site\/?page_id=315"},"modified":"2026-05-13T17:32:34","modified_gmt":"2026-05-13T20:32:34","slug":"institucional_n","status":"publish","type":"page","link":"https:\/\/www.carlamerkle.com.br\/site\/institucional_n\/","title":{"rendered":"Institucional"},"content":{"rendered":"<p><div class=\"fusion-fullwidth fullwidth-box fusion-builder-row-1 nonhundred-percent-fullwidth non-hundred-percent-height-scrolling\" style=\"--awb-border-radius-top-left:0px;--awb-border-radius-top-right:0px;--awb-border-radius-bottom-right:0px;--awb-border-radius-bottom-left:0px;--awb-flex-wrap:wrap;\" ><div class=\"fusion-builder-row fusion-row\"><div class=\"fusion-layout-column fusion_builder_column fusion-builder-column-0 fusion_builder_column_1_2 1_2 fusion-one-half fusion-column-first\" style=\"--awb-bg-blend:overlay;--awb-bg-size:cover;width:50%;width:calc(50% - ( ( 4% ) * 0.5 ) );margin-right: 4%;\"><div class=\"fusion-column-wrapper fusion-flex-column-wrapper-legacy\"><div class=\"fusion-image-element fusion-image-align-center in-legacy-container\" style=\"text-align:center;--awb-max-width:290px;--awb-caption-title-font-family:var(--h2_typography-font-family);--awb-caption-title-font-weight:var(--h2_typography-font-weight);--awb-caption-title-font-style:var(--h2_typography-font-style);--awb-caption-title-size:var(--h2_typography-font-size);--awb-caption-title-transform:var(--h2_typography-text-transform);--awb-caption-title-line-height:var(--h2_typography-line-height);--awb-caption-title-letter-spacing:var(--h2_typography-letter-spacing);\"><div class=\"imageframe-align-center\"><span class=\" fusion-imageframe imageframe-glow imageframe-1 hover-type-none\" style=\"-webkit-box-shadow: 0 0 3px rgba(0,0,0,0.3);box-shadow: 0 0 3px rgba(0,0,0,0.3);\"><img decoding=\"async\" width=\"682\" height=\"1024\" src=\"http:\/\/www.carlamerkle.com.br\/site\/wp-content\/uploads\/2026\/05\/WhatsApp-Image-2026-04-27-at-12.54.49-682x1024.jpeg\" alt class=\"img-responsive wp-image-313\" srcset=\"https:\/\/www.carlamerkle.com.br\/site\/wp-content\/uploads\/2026\/05\/WhatsApp-Image-2026-04-27-at-12.54.49-200x300.jpeg 200w, https:\/\/www.carlamerkle.com.br\/site\/wp-content\/uploads\/2026\/05\/WhatsApp-Image-2026-04-27-at-12.54.49-400x600.jpeg 400w, https:\/\/www.carlamerkle.com.br\/site\/wp-content\/uploads\/2026\/05\/WhatsApp-Image-2026-04-27-at-12.54.49-600x901.jpeg 600w, https:\/\/www.carlamerkle.com.br\/site\/wp-content\/uploads\/2026\/05\/WhatsApp-Image-2026-04-27-at-12.54.49-800x1201.jpeg 800w, https:\/\/www.carlamerkle.com.br\/site\/wp-content\/uploads\/2026\/05\/WhatsApp-Image-2026-04-27-at-12.54.49.jpeg 1066w\" sizes=\"(max-width: 800px) 100vw, 600px\" \/><\/span><\/div><\/div><div class=\"fusion-clearfix\"><\/div><\/div><\/div><div class=\"fusion-layout-column fusion_builder_column fusion-builder-column-1 fusion_builder_column_1_2 1_2 fusion-one-half fusion-column-last\" style=\"--awb-bg-blend:overlay;--awb-bg-size:cover;width:50%;width:calc(50% - ( ( 4% ) * 0.5 ) );\"><div class=\"fusion-column-wrapper fusion-flex-column-wrapper-legacy\"><div class=\"fusion-title title fusion-title-1 fusion-sep-none fusion-title-text fusion-title-size-one\"><h1 class=\"fusion-title-heading title-heading-left\" style=\"margin:0;\"><h1>Carla Vanessa Merkle Titz, MSc<\/h1><\/h1><\/div><div class=\"fusion-text fusion-text-1\"><p>&#8220;Atuando desde <strong>2011<\/strong>, especializada em <strong>avalia\u00e7\u00e3o de im\u00f3veis<\/strong>&#8221;<\/p>\n<p><span class=\"textopadraocinza\">Avaliadora, Perita e Corretora de Im\u00f3veis<\/span><span class=\"contatoverdehome\"><br \/>\nCRECI-SC 20355F \u2013 CRA-SC 17712 &#8211; CNAI 10767<\/span><\/p>\n<\/div><div class=\"fusion-title title fusion-title-2 fusion-sep-none fusion-title-text fusion-title-size-one\"><h1 class=\"fusion-title-heading title-heading-left\" style=\"margin:0;\"><h3>Cursos de Forma\u00e7\u00e3o, gradua\u00e7\u00e3o e especializa\u00e7\u00e3o:<\/h3><\/h1><\/div><div class=\"fusion-text fusion-text-2\"><ul>\n<li>Perita Avaliadora Judicial &#8211; Certificada pelo CAAVI (Conceitos Avan\u00e7ados em Avalia\u00e7\u00f5es Imobili\u00e1rias) e tamb\u00e9m certificada pelo UNIM\u00d3VEIS \/ SINDIM\u00d3VEIS, em conformidade com a Resolu\u00e7\u00e3o-Cofeci n\u00ba 1066\/2007;<\/li>\n<li>Integrante da Comiss\u00e3o de Avalia\u00e7\u00f5es e Per\u00edcias (CAMIP) pelo CRECI 11\u00aa Regi\u00e3o;<\/li>\n<li>T\u00e9cnico em Transa\u00e7\u00f5es Imobili\u00e1rias pela Yesbras;<\/li>\n<li>Graduada em Administra\u00e7\u00e3o e Com\u00e9rcio Exterior pela Univille;<\/li>\n<li>MBA em Gest\u00e3o Empresarial pela Funda\u00e7\u00e3o Getulio Vargas;<\/li>\n<li>P\u00f3s-gradua\u00e7\u00e3o em Engenharia Civil com \u00eanfase em Tecnologia da Constru\u00e7\u00e3o;<\/li>\n<li>Mestrado em Engenharia da Produ\u00e7\u00e3o pela SOCIESC;<\/li>\n<li>Curr\u00edculo Lattes: <a href=\"http:\/\/goo.gl\/H0n4Ox\">http:\/\/goo.gl\/H0n4Ox<\/a><\/li>\n<li>Livro j\u00e1 publicado: &#8220;Colet\u00e2nea de artigos do mercado imobili\u00e1rio&#8221; 2011 a 2015 \/ 2016 a 2018 &#8211; dispon\u00edvel para aquisi\u00e7\u00e3o atrav\u00e9s do site: <a href=\"http:\/\/www.carlamerkle.com.br\/site\/livros\/\">http:\/\/www.carlamerkle.com.br\/site\/livros\/<\/a><\/li>\n<\/ul>\n<p>Aten\u00e7\u00e3o: Caso desejar avaliar a sua empresa, tamb\u00e9m podemos auxili\u00e1-lo. Neste caso, recomendamos visitar a <a href=\"http:\/\/www.valorexecutivo.com.br\">Valor Executivo<\/a>.<\/p>\n<\/div><div class=\"fusion-clearfix\"><\/div><\/div><\/div><\/div><\/div><div class=\"fusion-fullwidth fullwidth-box fusion-builder-row-2 nonhundred-percent-fullwidth non-hundred-percent-height-scrolling\" style=\"--awb-border-radius-top-left:0px;--awb-border-radius-top-right:0px;--awb-border-radius-bottom-right:0px;--awb-border-radius-bottom-left:0px;--awb-flex-wrap:wrap;\" ><div class=\"fusion-builder-row fusion-row\"><div class=\"fusion-layout-column fusion_builder_column fusion-builder-column-2 fusion_builder_column_1_1 1_1 fusion-one-full fusion-column-first fusion-column-last\" style=\"--awb-bg-blend:overlay;--awb-bg-size:cover;\"><div class=\"fusion-column-wrapper fusion-flex-column-wrapper-legacy\"><div class=\"fusion-clearfix\"><\/div><\/div><\/div><\/div><\/div><\/p>\n","protected":false},"excerpt":{"rendered":"","protected":false},"author":1,"featured_media":0,"parent":0,"menu_order":0,"comment_status":"open","ping_status":"open","template":"","meta":{"_joinchat":[],"footnotes":""},"class_list":["post-315","page","type-page","status-publish","hentry"],"_links":{"self":[{"href":"https:\/\/www.carlamerkle.com.br\/site\/wp-json\/wp\/v2\/pages\/315","targetHints":{"allow":["GET"]}}],"collection":[{"href":"https:\/\/www.carlamerkle.com.br\/site\/wp-json\/wp\/v2\/pages"}],"about":[{"href":"https:\/\/www.carlamerkle.com.br\/site\/wp-json\/wp\/v2\/types\/page"}],"author":[{"embeddable":true,"href":"https:\/\/www.carlamerkle.com.br\/site\/wp-json\/wp\/v2\/users\/1"}],"replies":[{"embeddable":true,"href":"https:\/\/www.carlamerkle.com.br\/site\/wp-json\/wp\/v2\/comments?post=315"}],"version-history":[{"count":2,"href":"https:\/\/www.carlamerkle.com.br\/site\/wp-json\/wp\/v2\/pages\/315\/revisions"}],"predecessor-version":[{"id":317,"href":"https:\/\/www.carlamerkle.com.br\/site\/wp-json\/wp\/v2\/pages\/315\/revisions\/317"}],"wp:attachment":[{"href":"https:\/\/www.carlamerkle.com.br\/site\/wp-json\/wp\/v2\/media?parent=315"}],"curies":[{"name":"wp","href":"https:\/\/api.w.org\/{rel}","templated":true}]}}