{"id":181,"date":"2018-07-29T17:32:40","date_gmt":"2018-07-29T20:32:40","guid":{"rendered":"http:\/\/www.carlamerkle.com.br\/site\/?page_id=181"},"modified":"2025-01-22T14:30:33","modified_gmt":"2025-01-22T17:30:33","slug":"palestras","status":"publish","type":"page","link":"https:\/\/www.carlamerkle.com.br\/site\/palestras\/","title":{"rendered":"Palestras"},"content":{"rendered":"<div class=\"fusion-fullwidth fullwidth-box fusion-builder-row-1 nonhundred-percent-fullwidth non-hundred-percent-height-scrolling\" style=\"--awb-border-radius-top-left:0px;--awb-border-radius-top-right:0px;--awb-border-radius-bottom-right:0px;--awb-border-radius-bottom-left:0px;--awb-flex-wrap:wrap;\" ><div class=\"fusion-builder-row fusion-row\"><div class=\"fusion-layout-column fusion_builder_column fusion-builder-column-0 fusion_builder_column_1_1 1_1 fusion-one-full fusion-column-first fusion-column-last\" style=\"--awb-bg-size:cover;\"><div class=\"fusion-column-wrapper fusion-flex-column-wrapper-legacy\"><div class=\"fusion-title title fusion-title-1 fusion-sep-none fusion-title-text fusion-title-size-one\"><h1 class=\"fusion-title-heading title-heading-left\" style=\"margin:0;\"><strong>Portf\u00f3lio de Palestras Empresariais<\/strong><\/h1><\/div><div class=\"fusion-text fusion-text-1\"><p><strong>Carla Merkle<\/strong><\/p>\n<p><em>Empres\u00e1ria | Professora Universit\u00e1ria | Administradora<\/em><\/p>\n<p><strong>Sobre Carla Merkle<\/strong><\/p>\n<p>Carla Merkle \u00e9 uma profissional multifacetada com uma s\u00f3lida carreira em administra\u00e7\u00e3o, educa\u00e7\u00e3o e empreendedorismo. Graduada em Administra\u00e7\u00e3o e Com\u00e9rcio Exterior pela UNIVILLE, possui p\u00f3s-gradua\u00e7\u00f5es em Engenharia Civil (SOCIESC) e Metodologia de Ensino Superior (ANHANGUERA), al\u00e9m de um MBA em Gest\u00e3o Empresarial pela FGV e um mestrado em Engenharia de Produ\u00e7\u00e3o (SOCIESC).<\/p>\n<p>Com mais de 9 anos de experi\u00eancia docente, Carla tamb\u00e9m atuou como coordenadora acad\u00eamica por 5 anos. Sua trajet\u00f3ria \u00e9 marcada por sua paix\u00e3o por ensinar, sua capacidade de conectar pessoas e seu olhar estrat\u00e9gico para o crescimento pessoal e profissional.<\/p>\n<p><strong>Palestras Dispon\u00edveis<\/strong><\/p>\n<ol>\n<li><strong> Finan\u00e7as Pessoais para Concretizar Planos e Realizar Sonhos<\/strong><\/li>\n<\/ol>\n<p><strong>Dura\u00e7\u00e3o:<\/strong> Aproximadamente 1 hora<\/p>\n<p><strong>Realidade no Brasil:<\/strong><\/p>\n<ul>\n<li>Dados alarmantes sobre o endividamento no Brasil:\n<ul>\n<li>8 em cada 10 brasileiros t\u00eam d\u00edvidas com cart\u00e3o de cr\u00e9dito.<\/li>\n<li>62% das fam\u00edlias est\u00e3o endividadas.<\/li>\n<li>A inadimpl\u00eancia atinge 61,7 milh\u00f5es de pessoas.<\/li>\n<\/ul>\n<\/li>\n<li>Impactos nas empresas:\n<ul>\n<li>Funcion\u00e1rios desmotivados.<\/li>\n<li>Solicita\u00e7\u00e3o constante de adiantamento de sal\u00e1rio.<\/li>\n<li>Alta rotatividade devido ao uso da rescis\u00e3o para quitar d\u00edvidas.<\/li>\n<\/ul>\n<\/li>\n<\/ul>\n<p><strong>Sobre a Palestra:<\/strong><\/p>\n<p>Carla inicia com uma pergunta instigante: \u201cQual o seu plano, sonho ou desejo?\u201d A partir das respostas do p\u00fablico, a palestra ganha um tom interativo e envolvente. Seja para viajar, adquirir bens ou reorganizar as finan\u00e7as, Carla desafia os participantes a reconhecerem que o dinheiro deve ser uma ferramenta para felicidade e realiza\u00e7\u00f5es, sendo necess\u00e1rio administr\u00e1-lo com sabedoria e disciplina.<\/p>\n<ol start=\"2\">\n<li><strong> Conex\u00f5es Sem Fronteiras: O Que o Mundo Ensina Sobre Networking Estrat\u00e9gico<\/strong><\/li>\n<\/ol>\n<p><strong>Dura\u00e7\u00e3o:<\/strong> Aproximadamente 40 minutos<\/p>\n<p><strong>Sobre a Palestra:<\/strong><\/p>\n<p>Baseando-se em sua experi\u00eancia como mochileira por mais de 30 pa\u00edses, empres\u00e1ria e membro de associa\u00e7\u00f5es empresariais, Carla apresenta o networking como uma arte que vai al\u00e9m da troca de contatos. Ela aborda estrat\u00e9gias para construir conex\u00f5es genu\u00ednas que geram valor, oportunidades e inova\u00e7\u00e3o.<\/p>\n<p><strong>Diferenciais de Carla Merkle<\/strong><\/p>\n<ul>\n<li><strong>Experi\u00eancia internacional:<\/strong> Suas viv\u00eancias em mais de 30 pa\u00edses trazem uma perspectiva multicultural e pr\u00e1tica \u00e0s palestras.<\/li>\n<li><strong>Did\u00e1tica comprovada:<\/strong> Anos de doc\u00eancia e coordena\u00e7\u00e3o acad\u00eamica permitem que ela transforme t\u00f3picos complexos em ensinamentos acess\u00edveis e aplic\u00e1veis.<\/li>\n<li><strong>Vis\u00e3o estrat\u00e9gica:<\/strong> Sua trajet\u00f3ria como empres\u00e1ria e sua participa\u00e7\u00e3o em associa\u00e7\u00f5es comerciais fortalecem a abordagem pr\u00e1tica de suas palestras.<\/li>\n<\/ul>\n<p><strong>Contrate Carla Merkle<\/strong><\/p>\n<p>Seja para capacitar equipes, inspirar profissionais ou promover reflex\u00f5es estrat\u00e9gicas, Carla Merkle oferece palestras impactantes, pr\u00e1ticas e personalizadas para o p\u00fablico empresarial.<\/p>\n<p><strong>Entre em contato para mais informa\u00e7\u00f5es:<\/strong><br \/>\n<strong>E-mail:<\/strong> carlamerkle@carlamerkle.com.br<br \/>\n<strong>Telefone:<\/strong> (47) 9 8803-8751<br \/>\n<strong>LinkedIn:<\/strong> \u00a0<a href=\"http:\/\/www.linkedin.com\/in\/carla-merkle-1035a326\">www.linkedin.com\/in\/carla-merkle-1035a326<\/a><\/p>\n<\/div><div class=\"awb-gallery-wrapper awb-gallery-wrapper-1 button-span-no\"><div style=\"margin:-5px;--awb-bordersize:0px;\" class=\"fusion-gallery fusion-gallery-container fusion-grid-2 fusion-columns-total-2 fusion-gallery-layout-grid fusion-gallery-1\"><div style=\"padding:5px;\" class=\"fusion-grid-column fusion-gallery-column fusion-gallery-column-2 hover-type-none\"><div class=\"fusion-gallery-image\"><a href=\"https:\/\/www.carlamerkle.com.br\/site\/wp-content\/uploads\/2021\/07\/WhatsApp-Image-2021-07-09-at-2.49.13-PM.jpeg\" rel=\"noreferrer\" data-rel=\"iLightbox[gallery_image_1]\" class=\"fusion-lightbox\" target=\"_self\"><img decoding=\"async\" src=\"https:\/\/www.carlamerkle.com.br\/site\/wp-content\/uploads\/2021\/07\/WhatsApp-Image-2021-07-09-at-2.49.13-PM-460x295.jpeg\" width=\"460\" height=\"295\" alt=\"\" title=\"WhatsApp Image 2021-07-09 at 2.49.13 PM\" aria-label=\"WhatsApp Image 2021-07-09 at 2.49.13 PM\" class=\"img-responsive wp-image-264 fusion-gallery-image-size-fixed\"  \/><\/a><\/div><\/div><div style=\"padding:5px;\" class=\"fusion-grid-column fusion-gallery-column fusion-gallery-column-2 hover-type-none\"><div class=\"fusion-gallery-image\"><a href=\"https:\/\/www.carlamerkle.com.br\/site\/wp-content\/uploads\/2021\/07\/85070473_3484887598249312_7150077746960400384_n.jpg\" rel=\"noreferrer\" data-rel=\"iLightbox[gallery_image_1]\" class=\"fusion-lightbox\" target=\"_self\"><img decoding=\"async\" src=\"https:\/\/www.carlamerkle.com.br\/site\/wp-content\/uploads\/2021\/07\/85070473_3484887598249312_7150077746960400384_n-460x295.jpg\" width=\"460\" height=\"295\" alt=\"\" title=\"85070473_3484887598249312_7150077746960400384_n\" aria-label=\"85070473_3484887598249312_7150077746960400384_n\" class=\"img-responsive wp-image-266 fusion-gallery-image-size-fixed\"  \/><\/a><\/div><\/div><div class=\"clearfix\"><\/div><\/div><\/div><div class=\"fusion-clearfix\"><\/div><\/div><\/div><\/div><\/div>\n","protected":false},"excerpt":{"rendered":"","protected":false},"author":2,"featured_media":0,"parent":0,"menu_order":0,"comment_status":"closed","ping_status":"closed","template":"","meta":{"footnotes":"","_joinchat":[]},"_links":{"self":[{"href":"https:\/\/www.carlamerkle.com.br\/site\/wp-json\/wp\/v2\/pages\/181"}],"collection":[{"href":"https:\/\/www.carlamerkle.com.br\/site\/wp-json\/wp\/v2\/pages"}],"about":[{"href":"https:\/\/www.carlamerkle.com.br\/site\/wp-json\/wp\/v2\/types\/page"}],"author":[{"embeddable":true,"href":"https:\/\/www.carlamerkle.com.br\/site\/wp-json\/wp\/v2\/users\/2"}],"replies":[{"embeddable":true,"href":"https:\/\/www.carlamerkle.com.br\/site\/wp-json\/wp\/v2\/comments?post=181"}],"version-history":[{"count":19,"href":"https:\/\/www.carlamerkle.com.br\/site\/wp-json\/wp\/v2\/pages\/181\/revisions"}],"predecessor-version":[{"id":311,"href":"https:\/\/www.carlamerkle.com.br\/site\/wp-json\/wp\/v2\/pages\/181\/revisions\/311"}],"wp:attachment":[{"href":"https:\/\/www.carlamerkle.com.br\/site\/wp-json\/wp\/v2\/media?parent=181"}],"curies":[{"name":"wp","href":"https:\/\/api.w.org\/{rel}","templated":true}]}}